{"id":2,"date":"2023-01-23T16:37:48","date_gmt":"2023-01-23T16:37:48","guid":{"rendered":"https:\/\/msijuarez.com\/?page_id=2"},"modified":"2023-01-23T18:34:50","modified_gmt":"2023-01-23T18:34:50","slug":"sample-page","status":"publish","type":"page","link":"https:\/\/msijuarez.com\/","title":{"rendered":"Maquinado Especializado CNC"},"content":{"rendered":"\n<p class=\"has-text-align-left\" style=\"font-size:14px;font-style:italic;font-weight:800\">Somos especialistas en el dise\u00f1o y fabricaci\u00f3n de Toolings para el soldado, manejo y aplicaciones de tablillas Electr\u00f3nicas.<\/p>\n\n\n\n<div class=\"wp-block-columns is-layout-flex wp-container-core-columns-is-layout-9d6595d7 wp-block-columns-is-layout-flex\">\n<div class=\"wp-block-column is-layout-flow wp-block-column-is-layout-flow\" style=\"font-style:italic;font-weight:700\">\n<ul class=\"has-small-font-size wp-block-list\">\n<li>Pallets para soldadora de Ola.<\/li>\n\n\n\n<li>Pallets para soldadora Selectiva.<\/li>\n\n\n\n<li>Fixturas de Router (CNC y Pizza Cutter).<\/li>\n\n\n\n<li>Pallets para aplicaci\u00f3n de conformal coating.<\/li>\n\n\n\n<li>Insertos y ara\u00f1as de Titanio grado 2.<\/li>\n<\/ul>\n<\/div>\n\n\n\n<div class=\"wp-block-column has-small-font-size is-layout-flow wp-block-column-is-layout-flow\" style=\"font-style:italic;font-weight:900\">\n<p class=\"has-text-align-right has-medium-font-size\">Contacto<\/p>\n\n\n\n<p class=\"has-text-align-right\">656 6-24-02-39<br>ventas@msijuarez.com<\/p>\n<\/div>\n<\/div>\n","protected":false},"excerpt":{"rendered":"<p>Somos especialistas en el dise\u00f1o y fabricaci\u00f3n de Toolings para el soldado, manejo y aplicaciones de tablillas Electr\u00f3nicas. Contacto 656 6-24-02-39ventas@msijuarez.com<\/p>\n","protected":false},"author":1,"featured_media":0,"parent":0,"menu_order":0,"comment_status":"closed","ping_status":"closed","template":"","meta":{"footnotes":""},"class_list":["post-2","page","type-page","status-publish","hentry","entry"],"_links":{"self":[{"href":"https:\/\/msijuarez.com\/index.php\/wp-json\/wp\/v2\/pages\/2","targetHints":{"allow":["GET"]}}],"collection":[{"href":"https:\/\/msijuarez.com\/index.php\/wp-json\/wp\/v2\/pages"}],"about":[{"href":"https:\/\/msijuarez.com\/index.php\/wp-json\/wp\/v2\/types\/page"}],"author":[{"embeddable":true,"href":"https:\/\/msijuarez.com\/index.php\/wp-json\/wp\/v2\/users\/1"}],"replies":[{"embeddable":true,"href":"https:\/\/msijuarez.com\/index.php\/wp-json\/wp\/v2\/comments?post=2"}],"version-history":[{"count":12,"href":"https:\/\/msijuarez.com\/index.php\/wp-json\/wp\/v2\/pages\/2\/revisions"}],"predecessor-version":[{"id":39,"href":"https:\/\/msijuarez.com\/index.php\/wp-json\/wp\/v2\/pages\/2\/revisions\/39"}],"wp:attachment":[{"href":"https:\/\/msijuarez.com\/index.php\/wp-json\/wp\/v2\/media?parent=2"}],"curies":[{"name":"wp","href":"https:\/\/api.w.org\/{rel}","templated":true}]}}